{"id":99,"date":"2026-04-01T12:58:41","date_gmt":"2026-04-01T10:58:41","guid":{"rendered":"https:\/\/laempresaenlanube.com\/?post_type=product&#038;p=99"},"modified":"2026-04-01T13:02:23","modified_gmt":"2026-04-01T11:02:23","slug":"dominio-com","status":"publish","type":"product","link":"https:\/\/laempresaenlanube.com\/?product=dominio-com","title":{"rendered":"Dominio .com"},"content":{"rendered":"<p>Registre su dominio con la extensi\u00f3n .com<br \/>\nEl dominio .com es la extensi\u00f3n m\u00e1s utilizada en el \u00e1mbito comercial. Al comprar un dominio .com disfrutar\u00e1 de la extensi\u00f3n mas popular del mundo y sin restricciones para el registro.<\/p>\n","protected":false},"excerpt":{"rendered":"<p>El dominio .com es la extensi\u00f3n m\u00e1s utilizada en el \u00e1mbito comercial. Al comprar un dominio .com disfrutar\u00e1 de la extensi\u00f3n m\u00e1s popular del mundo y sin restricciones para el registro.<\/p>\n","protected":false},"featured_media":24,"comment_status":"open","ping_status":"closed","template":"","meta":[],"product_brand":[20],"product_cat":[19],"product_tag":[22,21],"class_list":{"0":"post-99","1":"product","2":"type-product","3":"status-publish","4":"has-post-thumbnail","6":"product_brand-ovhcloud","7":"product_cat-dominios","8":"product_tag-com","9":"product_tag-dominios","11":"first","12":"instock","13":"downloadable","14":"virtual","15":"purchasable","16":"product-type-simple"},"jetpack_sharing_enabled":true,"_links":{"self":[{"href":"https:\/\/laempresaenlanube.com\/index.php?rest_route=\/wp\/v2\/product\/99","targetHints":{"allow":["GET"]}}],"collection":[{"href":"https:\/\/laempresaenlanube.com\/index.php?rest_route=\/wp\/v2\/product"}],"about":[{"href":"https:\/\/laempresaenlanube.com\/index.php?rest_route=\/wp\/v2\/types\/product"}],"replies":[{"embeddable":true,"href":"https:\/\/laempresaenlanube.com\/index.php?rest_route=%2Fwp%2Fv2%2Fcomments&post=99"}],"wp:featuredmedia":[{"embeddable":true,"href":"https:\/\/laempresaenlanube.com\/index.php?rest_route=\/wp\/v2\/media\/24"}],"wp:attachment":[{"href":"https:\/\/laempresaenlanube.com\/index.php?rest_route=%2Fwp%2Fv2%2Fmedia&parent=99"}],"wp:term":[{"taxonomy":"product_brand","embeddable":true,"href":"https:\/\/laempresaenlanube.com\/index.php?rest_route=%2Fwp%2Fv2%2Fproduct_brand&post=99"},{"taxonomy":"product_cat","embeddable":true,"href":"https:\/\/laempresaenlanube.com\/index.php?rest_route=%2Fwp%2Fv2%2Fproduct_cat&post=99"},{"taxonomy":"product_tag","embeddable":true,"href":"https:\/\/laempresaenlanube.com\/index.php?rest_route=%2Fwp%2Fv2%2Fproduct_tag&post=99"}],"curies":[{"name":"wp","href":"https:\/\/api.w.org\/{rel}","templated":true}]}}